{"id":3320,"date":"2022-05-13T15:12:59","date_gmt":"2022-05-13T18:12:59","guid":{"rendered":"https:\/\/somoscenografia.com\/?page_id=3320"},"modified":"2022-05-17T12:13:59","modified_gmt":"2022-05-17T15:13:59","slug":"sustentabilidade-3","status":"publish","type":"page","link":"https:\/\/somoscenografia.com\/?page_id=3320","title":{"rendered":"Sustentabilidade"},"content":{"rendered":"\t\t<div data-elementor-type=\"wp-page\" data-elementor-id=\"3320\" class=\"elementor elementor-3320\">\n\t\t\t\t\t\t<section class=\"elementor-section elementor-top-section elementor-element elementor-element-387a20b elementor-section-full_width elementor-section-height-default elementor-section-height-default\" data-id=\"387a20b\" data-element_type=\"section\" data-e-type=\"section\">\n\t\t\t\t\t\t<div class=\"elementor-container elementor-column-gap-no\">\n\t\t\t\t\t<div class=\"elementor-column elementor-col-100 elementor-top-column elementor-element elementor-element-b455baf\" data-id=\"b455baf\" data-element_type=\"column\" data-e-type=\"column\" data-settings=\"{&quot;background_background&quot;:&quot;classic&quot;}\">\n\t\t\t<div class=\"elementor-widget-wrap elementor-element-populated\">\n\t\t\t\t\t\t<div class=\"elementor-element elementor-element-cb909c1 elementor-widget elementor-widget-oblo-section-heading\" data-id=\"cb909c1\" data-element_type=\"widget\" data-e-type=\"widget\" data-widget_type=\"oblo-section-heading.default\">\n\t\t\t\t<div class=\"elementor-widget-container\">\n\t\t\t\t\t\n\t\t<!-- Section Started Heading -->\n\t\t<div class=\"section section-inner started-heading\">\n\t\t\t<div class=\"container\">\n\t\t\t\t<div class=\"row\">\n\t\t\t\t\t<div class=\"col-xs-12 col-sm-12 col-md-12 col-lg-12\">\n\n\t\t\t\t\t\t<!-- titles -->\n\t\t\t\t\t\t<div class=\"h-titles\">\n\t\t\t\t\t\t\t\t\t\t\t\t\t\t\t\t\t\t\t\t\t<div class=\"h-title splitting-text-anim-2 scroll-animate\" data-splitting=\"chars\" data-animate=\"active\">\n\t\t\t\t\t\t\t\t<span >\n\t\t\t\t\t\t\t\t\tSustentabilidade\t\t\t\t\t\t\t\t<\/span>\n\t\t\t\t\t\t\t<\/div>\n\t\t\t\t\t\t\t\t\t\t\t\t\t\t\t\t\t\t\t\t<\/div>\n\n\t\t\t\t\t<\/div>\n\t\t\t\t<\/div>\n\t\t\t<\/div>\n\t\t<\/div>\n\n\t\t\t\t\t\t<\/div>\n\t\t\t\t<\/div>\n\t\t\t\t<div class=\"elementor-element elementor-element-eaa3061 elementor-widget elementor-widget-image\" data-id=\"eaa3061\" data-element_type=\"widget\" data-e-type=\"widget\" data-widget_type=\"image.default\">\n\t\t\t\t<div class=\"elementor-widget-container\">\n\t\t\t\t\t\t\t\t\t\t\t\t\t\t\t<img decoding=\"async\" src=\"https:\/\/somoscenografia.com\/wp-content\/uploads\/2022\/05\/marcacao-titulo.png\" title=\"marcacao-titulo\" alt=\"marcacao-titulo\" loading=\"lazy\" \/>\t\t\t\t\t\t\t\t\t\t\t\t\t\t\t<\/div>\n\t\t\t\t<\/div>\n\t\t\t\t\t<\/div>\n\t\t<\/div>\n\t\t\t\t\t<\/div>\n\t\t<\/section>\n\t\t\t\t<section class=\"elementor-section elementor-top-section elementor-element elementor-element-07fcd27 elementor-section-full_width elementor-section-height-default elementor-section-height-default\" data-id=\"07fcd27\" data-element_type=\"section\" data-e-type=\"section\">\n\t\t\t\t\t\t<div class=\"elementor-container elementor-column-gap-no\">\n\t\t\t\t\t<div class=\"elementor-column elementor-col-100 elementor-top-column elementor-element elementor-element-7fea77a\" data-id=\"7fea77a\" data-element_type=\"column\" data-e-type=\"column\">\n\t\t\t<div class=\"elementor-widget-wrap elementor-element-populated\">\n\t\t\t\t\t\t<div class=\"elementor-element elementor-element-fecd633 elementor-widget elementor-widget-image\" data-id=\"fecd633\" data-element_type=\"widget\" data-e-type=\"widget\" data-widget_type=\"image.default\">\n\t\t\t\t<div class=\"elementor-widget-container\">\n\t\t\t\t\t\t\t\t\t\t\t\t\t\t\t<img fetchpriority=\"high\" decoding=\"async\" width=\"1921\" height=\"1369\" src=\"https:\/\/somoscenografia.com\/wp-content\/uploads\/2022\/05\/Sustentabilidade-1.png\" class=\"attachment-full size-full wp-image-3318\" alt=\"\" srcset=\"https:\/\/somoscenografia.com\/wp-content\/uploads\/2022\/05\/Sustentabilidade-1.png 1921w, https:\/\/somoscenografia.com\/wp-content\/uploads\/2022\/05\/Sustentabilidade-1-300x214.png 300w, https:\/\/somoscenografia.com\/wp-content\/uploads\/2022\/05\/Sustentabilidade-1-1024x730.png 1024w, https:\/\/somoscenografia.com\/wp-content\/uploads\/2022\/05\/Sustentabilidade-1-768x547.png 768w, https:\/\/somoscenografia.com\/wp-content\/uploads\/2022\/05\/Sustentabilidade-1-1536x1095.png 1536w, https:\/\/somoscenografia.com\/wp-content\/uploads\/2022\/05\/Sustentabilidade-1-900x641.png 900w, https:\/\/somoscenografia.com\/wp-content\/uploads\/2022\/05\/Sustentabilidade-1-800x570.png 800w\" sizes=\"(max-width: 1921px) 100vw, 1921px\" \/>\t\t\t\t\t\t\t\t\t\t\t\t\t\t\t<\/div>\n\t\t\t\t<\/div>\n\t\t\t\t\t<\/div>\n\t\t<\/div>\n\t\t\t\t\t<\/div>\n\t\t<\/section>\n\t\t\t\t<section class=\"elementor-section elementor-top-section elementor-element elementor-element-0143cfe elementor-section-boxed elementor-section-height-default elementor-section-height-default\" data-id=\"0143cfe\" data-element_type=\"section\" data-e-type=\"section\" data-settings=\"{&quot;background_background&quot;:&quot;classic&quot;}\">\n\t\t\t\t\t\t<div class=\"elementor-container elementor-column-gap-custom\">\n\t\t\t\t\t<div class=\"elementor-column elementor-col-100 elementor-top-column elementor-element elementor-element-00ac386\" data-id=\"00ac386\" data-element_type=\"column\" data-e-type=\"column\" data-settings=\"{&quot;background_background&quot;:&quot;classic&quot;}\">\n\t\t\t<div class=\"elementor-widget-wrap elementor-element-populated\">\n\t\t\t\t\t\t<div class=\"elementor-element elementor-element-b21be38 scrolla-element-anim-1 scroll-animate elementor-widget elementor-widget-text-editor\" data-id=\"b21be38\" data-element_type=\"widget\" data-e-type=\"widget\" data-widget_type=\"text-editor.default\">\n\t\t\t\t<div class=\"elementor-widget-container\">\n\t\t\t\t\t\t\t\t\t<h1><span style=\"color: #fcee1e;\">Transformamos res\u00edduos de materiais <\/span><br \/><span style=\"color: #fcee1e;\">cenogr\u00e1ficos em objetos.<\/span><\/h1>\t\t\t\t\t\t\t\t<\/div>\n\t\t\t\t<\/div>\n\t\t\t\t<div class=\"elementor-element elementor-element-a9c28a3 scrolla-element-anim-1 scroll-animate elementor-widget elementor-widget-text-editor\" data-id=\"a9c28a3\" data-element_type=\"widget\" data-e-type=\"widget\" data-widget_type=\"text-editor.default\">\n\t\t\t\t<div class=\"elementor-widget-container\">\n\t\t\t\t\t\t\t\t\t<p>Na Somos Cenografia, boa parte do material que sobra dos eventos \u00e9 destinado a reciclagem. N\u00f3s estamos preocupados com o meio ambiente e tamb\u00e9m com as causas sociais. A ideia por tr\u00e1s dessa causa \u00e9 implantarmos um projeto para transformar parte de nossos res\u00edduos em pe\u00e7as como objetos decorativos, mobili\u00e1rios, sacolas sustent\u00e1veis, brindes e muitas outras id\u00e9ias criativas. Aos poucos sempre imaginaremos formas de transformar o que sobra dos eventos. Continuamente pensando em como esses diferentes res\u00edduos podem contribuir para ser mais uma pe\u00e7a reciclada e impactar positivamente a sociedade, e at\u00e9 mesmo o planeta!<br aria-hidden=\"true\" \/><br aria-hidden=\"true\" \/>Acreditamos que a reciclagem \u00e9 parte e papel importante de quem trabalha com projetos de cenografia.<br aria-hidden=\"true\" \/><br aria-hidden=\"true\" \/>Vem com a gente&#8230; Somos a uni\u00e3o de TODAS AS PARTES!<br aria-hidden=\"true\" \/><br aria-hidden=\"true\" \/>Vamos JUNTOS transformar o mundo em um lugar melhor para todos!<\/p><div>\u00a0<\/div>\t\t\t\t\t\t\t\t<\/div>\n\t\t\t\t<\/div>\n\t\t\t\t\t<\/div>\n\t\t<\/div>\n\t\t\t\t\t<\/div>\n\t\t<\/section>\n\t\t\t\t<section class=\"elementor-section elementor-top-section elementor-element elementor-element-f4f111b elementor-section-full_width elementor-section-height-default elementor-section-height-default\" data-id=\"f4f111b\" data-element_type=\"section\" data-e-type=\"section\" data-settings=\"{&quot;background_background&quot;:&quot;classic&quot;}\">\n\t\t\t\t\t\t<div class=\"elementor-container elementor-column-gap-default\">\n\t\t\t\t\t<div class=\"elementor-column elementor-col-100 elementor-top-column elementor-element elementor-element-23df839\" data-id=\"23df839\" data-element_type=\"column\" data-e-type=\"column\">\n\t\t\t<div class=\"elementor-widget-wrap\">\n\t\t\t\t\t\t\t<\/div>\n\t\t<\/div>\n\t\t\t\t\t<\/div>\n\t\t<\/section>\n\t\t\t\t<section class=\"elementor-section elementor-top-section elementor-element elementor-element-a629734 elementor-section-boxed elementor-section-height-default elementor-section-height-default\" data-id=\"a629734\" data-element_type=\"section\" data-e-type=\"section\">\n\t\t\t\t\t\t<div class=\"elementor-container elementor-column-gap-default\">\n\t\t\t\t\t<div class=\"elementor-column elementor-col-100 elementor-top-column elementor-element elementor-element-bd13c05\" data-id=\"bd13c05\" data-element_type=\"column\" data-e-type=\"column\">\n\t\t\t<div class=\"elementor-widget-wrap elementor-element-populated\">\n\t\t\t\t\t\t<div class=\"elementor-element elementor-element-a706771 elementor-widget elementor-widget-image\" data-id=\"a706771\" data-element_type=\"widget\" data-e-type=\"widget\" data-widget_type=\"image.default\">\n\t\t\t\t<div class=\"elementor-widget-container\">\n\t\t\t\t\t\t\t\t\t\t\t\t\t\t\t<img decoding=\"async\" width=\"900\" height=\"420\" src=\"https:\/\/somoscenografia.com\/wp-content\/uploads\/2022\/05\/Sustentabilidade-2-1024x478.png\" class=\"attachment-large size-large wp-image-3339\" alt=\"\" srcset=\"https:\/\/somoscenografia.com\/wp-content\/uploads\/2022\/05\/Sustentabilidade-2-1024x478.png 1024w, https:\/\/somoscenografia.com\/wp-content\/uploads\/2022\/05\/Sustentabilidade-2-300x140.png 300w, https:\/\/somoscenografia.com\/wp-content\/uploads\/2022\/05\/Sustentabilidade-2-768x359.png 768w, https:\/\/somoscenografia.com\/wp-content\/uploads\/2022\/05\/Sustentabilidade-2-900x420.png 900w, https:\/\/somoscenografia.com\/wp-content\/uploads\/2022\/05\/Sustentabilidade-2-800x373.png 800w, https:\/\/somoscenografia.com\/wp-content\/uploads\/2022\/05\/Sustentabilidade-2.png 1281w\" sizes=\"(max-width: 900px) 100vw, 900px\" \/>\t\t\t\t\t\t\t\t\t\t\t\t\t\t\t<\/div>\n\t\t\t\t<\/div>\n\t\t\t\t\t<\/div>\n\t\t<\/div>\n\t\t\t\t\t<\/div>\n\t\t<\/section>\n\t\t\t\t<\/div>\n\t\t","protected":false},"excerpt":{"rendered":"<p>Sustentabilidade Transformamos res\u00edduos de materiais cenogr\u00e1ficos em objetos. Na Somos Cenografia, boa parte do material que sobra dos eventos \u00e9 destinado a reciclagem. N\u00f3s estamos preocupados com o meio ambiente e tamb\u00e9m com as causas sociais. A ideia por tr\u00e1s dessa causa \u00e9 implantarmos&#8230; <\/p>\n<div class=\"readmore\"><a href=\"https:\/\/somoscenografia.com\/?page_id=3320\" class=\"btn-link\">Read more<\/a><\/div>\n","protected":false},"author":1,"featured_media":0,"parent":0,"menu_order":0,"comment_status":"closed","ping_status":"closed","template":"template-layout-builder.php","meta":{"inline_featured_image":false,"_monsterinsights_skip_tracking":false,"_monsterinsights_sitenote_active":false,"_monsterinsights_sitenote_note":"","_monsterinsights_sitenote_category":0,"footnotes":""},"class_list":["post-3320","page","type-page","status-publish","hentry"],"acf":[],"aioseo_notices":[],"_links":{"self":[{"href":"https:\/\/somoscenografia.com\/index.php?rest_route=\/wp\/v2\/pages\/3320","targetHints":{"allow":["GET"]}}],"collection":[{"href":"https:\/\/somoscenografia.com\/index.php?rest_route=\/wp\/v2\/pages"}],"about":[{"href":"https:\/\/somoscenografia.com\/index.php?rest_route=\/wp\/v2\/types\/page"}],"author":[{"embeddable":true,"href":"https:\/\/somoscenografia.com\/index.php?rest_route=\/wp\/v2\/users\/1"}],"replies":[{"embeddable":true,"href":"https:\/\/somoscenografia.com\/index.php?rest_route=%2Fwp%2Fv2%2Fcomments&post=3320"}],"version-history":[{"count":37,"href":"https:\/\/somoscenografia.com\/index.php?rest_route=\/wp\/v2\/pages\/3320\/revisions"}],"predecessor-version":[{"id":3585,"href":"https:\/\/somoscenografia.com\/index.php?rest_route=\/wp\/v2\/pages\/3320\/revisions\/3585"}],"wp:attachment":[{"href":"https:\/\/somoscenografia.com\/index.php?rest_route=%2Fwp%2Fv2%2Fmedia&parent=3320"}],"curies":[{"name":"wp","href":"https:\/\/api.w.org\/{rel}","templated":true}]}}